{"id":4781,"date":"2025-09-29T14:22:39","date_gmt":"2025-09-29T14:22:39","guid":{"rendered":"https:\/\/automation-inside.com\/sostenibilitat\/"},"modified":"2025-11-20T06:38:28","modified_gmt":"2025-11-20T06:38:28","slug":"sostenibilitat","status":"publish","type":"page","link":"https:\/\/we.automation-inside.com\/ca\/sostenibilitat\/","title":{"rendered":"Sostenibilitat"},"content":{"rendered":"\t\t<div data-elementor-type=\"wp-page\" data-elementor-id=\"4781\" class=\"elementor elementor-4781 elementor-238\" data-elementor-post-type=\"page\">\n\t\t\t\t<div class=\"elementor-element elementor-element-13fa54d9 e-con-full e-flex e-con e-parent\" data-id=\"13fa54d9\" data-element_type=\"container\" data-settings=\"{&quot;background_background&quot;:&quot;classic&quot;}\">\n\t\t\t\t<div class=\"elementor-element elementor-element-272a59d3 elementor-widget elementor-widget-spacer\" data-id=\"272a59d3\" data-element_type=\"widget\" data-widget_type=\"spacer.default\">\n\t\t\t\t\t\t\t<div class=\"elementor-spacer\">\n\t\t\t<div class=\"elementor-spacer-inner\"><\/div>\n\t\t<\/div>\n\t\t\t\t\t\t<\/div>\n\t\t\t\t<div class=\"elementor-element elementor-element-223d99e7 elementor-widget elementor-widget-spacer\" data-id=\"223d99e7\" data-element_type=\"widget\" data-widget_type=\"spacer.default\">\n\t\t\t\t\t\t\t<div class=\"elementor-spacer\">\n\t\t\t<div class=\"elementor-spacer-inner\"><\/div>\n\t\t<\/div>\n\t\t\t\t\t\t<\/div>\n\t\t\t\t<\/div>\n\t\t<div class=\"elementor-element elementor-element-f50be31 e-flex e-con-boxed e-con e-parent\" data-id=\"f50be31\" data-element_type=\"container\">\n\t\t\t\t\t<div class=\"e-con-inner\">\n\t\t\t\t<div class=\"elementor-element elementor-element-01b9fb5 elementor-widget elementor-widget-global elementor-global-7292 elementor-global-22 elementor-widget-spacer\" data-id=\"01b9fb5\" data-element_type=\"widget\" data-widget_type=\"spacer.default\">\n\t\t\t\t\t\t\t<div class=\"elementor-spacer\">\n\t\t\t<div class=\"elementor-spacer-inner\"><\/div>\n\t\t<\/div>\n\t\t\t\t\t\t<\/div>\n\t\t\t\t\t<\/div>\n\t\t\t\t<\/div>\n\t\t<div class=\"elementor-element elementor-element-bfdd4d9 e-flex e-con-boxed e-con e-parent\" data-id=\"bfdd4d9\" data-element_type=\"container\">\n\t\t\t\t\t<div class=\"e-con-inner\">\n\t\t\t\t<div class=\"elementor-element elementor-element-66080e4 elementor-widget elementor-widget-heading\" data-id=\"66080e4\" data-element_type=\"widget\" data-widget_type=\"heading.default\">\n\t\t\t\t\t<h2 class=\"elementor-heading-title elementor-size-default\">Sostenibilitat: tecnologia amb responsabilitat.<\/h2>\t\t\t\t<\/div>\n\t\t\t\t\t<\/div>\n\t\t\t\t<\/div>\n\t\t<div class=\"elementor-element elementor-element-c990a60 e-flex e-con-boxed e-con e-parent\" data-id=\"c990a60\" data-element_type=\"container\">\n\t\t\t\t\t<div class=\"e-con-inner\">\n\t\t\t\t<div class=\"elementor-element elementor-element-5fcfa53 elementor-widget elementor-widget-text-editor\" data-id=\"5fcfa53\" data-element_type=\"widget\" data-widget_type=\"text-editor.default\">\n\t\t\t\t\t\t\t\t\t<p>La sostenibilitat \u00e9s m\u00e9s que una paraula de moda per a nosaltres. Solucions eficients, processos que estalvien recursos i una mentalitat a llarg termini combinen progr\u00e9s amb responsabilitat. Per aix\u00f2 tenim en compte la sostenibilitat en cada pas, des del desenvolupament del producte fins a l&#8217;envasament, des del subministrament d&#8217;energia fins a la cultura corporativa.  <\/p>\t\t\t\t\t\t\t\t<\/div>\n\t\t\t\t<div class=\"elementor-element elementor-element-84ff1ac elementor-widget elementor-widget-global elementor-global-7292 elementor-global-22 elementor-widget-spacer\" data-id=\"84ff1ac\" data-element_type=\"widget\" data-widget_type=\"spacer.default\">\n\t\t\t\t\t\t\t<div class=\"elementor-spacer\">\n\t\t\t<div class=\"elementor-spacer-inner\"><\/div>\n\t\t<\/div>\n\t\t\t\t\t\t<\/div>\n\t\t\t\t\t<\/div>\n\t\t\t\t<\/div>\n\t\t<div class=\"elementor-element elementor-element-b6aff2b e-flex e-con-boxed e-con e-parent\" data-id=\"b6aff2b\" data-element_type=\"container\">\n\t\t\t\t\t<div class=\"e-con-inner\">\n\t\t<div class=\"elementor-element elementor-element-6453906 e-con-full e-flex e-con e-child\" data-id=\"6453906\" data-element_type=\"container\">\n\t\t\t\t<div class=\"elementor-element elementor-element-1383e01 elementor-widget elementor-widget-global elementor-global-6347 elementor-global-810 elementor-widget-text-editor\" data-id=\"1383e01\" data-element_type=\"widget\" data-widget_type=\"text-editor.default\">\n\t\t\t\t\t\t\t\t\t<h4>Efici\u00e8ncia energ\u00e8tica i protecci\u00f3 del clima<\/h4><p>wenglor redueix el consum d&#8217;energia i les emissions mitjan\u00e7ant mesures espec\u00edfiques a les seves instal\u00b7lacions i edificis. L&#8217;energia geot\u00e8rmica i les centrals de cogeneraci\u00f3 proporcionen calefacci\u00f3 i refrigeraci\u00f3 locals, els sistemes fotovoltaics subministren electricitat renovable i els sistemes moderns de ventilaci\u00f3 i aire condicionat utilitzen l&#8217;energia de manera eficient. Les alternatives digitals als viatges de negocis minimitzen les emissions addicionals. El nostre objectiu a llarg termini: la neutralitat clim\u00e0tica per al 2045, amb el suport de balan\u00e7os de CO\u2082 en curs.   <\/p>\t\t\t\t\t\t\t\t<\/div>\n\t\t\t\t<\/div>\n\t\t\t\t<div class=\"elementor-element elementor-element-29b2cf3 elementor-widget elementor-widget-global elementor-global-7292 elementor-global-22 elementor-widget-spacer\" data-id=\"29b2cf3\" data-element_type=\"widget\" data-widget_type=\"spacer.default\">\n\t\t\t\t\t\t\t<div class=\"elementor-spacer\">\n\t\t\t<div class=\"elementor-spacer-inner\"><\/div>\n\t\t<\/div>\n\t\t\t\t\t\t<\/div>\n\t\t<div class=\"elementor-element elementor-element-0b52f68 e-con-full e-flex e-con e-child\" data-id=\"0b52f68\" data-element_type=\"container\">\n\t\t\t\t<div class=\"elementor-element elementor-element-46b3baa elementor-widget elementor-widget-global elementor-global-6373 elementor-global-817 elementor-widget-image\" data-id=\"46b3baa\" data-element_type=\"widget\" data-widget_type=\"image.default\">\n\t\t\t\t\t\t\t\t\t\t\t\t\t\t\t<img fetchpriority=\"high\" decoding=\"async\" width=\"800\" height=\"450\" src=\"https:\/\/we.automation-inside.com\/wp-content\/uploads\/2025\/10\/Gebaeude_Photovoltaik-1024x576.jpg\" class=\"attachment-large size-large wp-image-6374\" alt=\"Sistema fotovoltaic a la teulada d&#039;un edifici Wenglor.\" srcset=\"https:\/\/we.automation-inside.com\/wp-content\/uploads\/2025\/10\/Gebaeude_Photovoltaik-1024x576.jpg 1024w, https:\/\/we.automation-inside.com\/wp-content\/uploads\/2025\/10\/Gebaeude_Photovoltaik-300x169.jpg 300w, https:\/\/we.automation-inside.com\/wp-content\/uploads\/2025\/10\/Gebaeude_Photovoltaik-768x432.jpg 768w, https:\/\/we.automation-inside.com\/wp-content\/uploads\/2025\/10\/Gebaeude_Photovoltaik-1536x864.jpg 1536w, https:\/\/we.automation-inside.com\/wp-content\/uploads\/2025\/10\/Gebaeude_Photovoltaik.jpg 1920w\" sizes=\"(max-width: 800px) 100vw, 800px\" \/>\t\t\t\t\t\t\t\t\t\t\t\t\t\t\t<\/div>\n\t\t\t\t<\/div>\n\t\t\t\t\t<\/div>\n\t\t\t\t<\/div>\n\t\t<div class=\"elementor-element elementor-element-f73bb01 e-flex e-con-boxed e-con e-parent\" data-id=\"f73bb01\" data-element_type=\"container\">\n\t\t\t\t\t<div class=\"e-con-inner\">\n\t\t<div class=\"elementor-element elementor-element-b68a0ef e-con-full e-flex e-con e-child\" data-id=\"b68a0ef\" data-element_type=\"container\">\n\t\t\t\t<div class=\"elementor-element elementor-element-9d41d7b elementor-widget elementor-widget-image\" data-id=\"9d41d7b\" data-element_type=\"widget\" data-widget_type=\"image.default\">\n\t\t\t\t\t\t\t\t\t\t\t\t\t\t\t<img decoding=\"async\" width=\"800\" height=\"450\" src=\"https:\/\/we.automation-inside.com\/wp-content\/uploads\/2025\/10\/Produkte-1024x576.jpg\" class=\"attachment-large size-large wp-image-4782\" alt=\"sensor optoelectr\u00f2nic per a transportadors de rodets Wenglor\" srcset=\"https:\/\/we.automation-inside.com\/wp-content\/uploads\/2025\/10\/Produkte-1024x576.jpg 1024w, https:\/\/we.automation-inside.com\/wp-content\/uploads\/2025\/10\/Produkte-300x169.jpg 300w, https:\/\/we.automation-inside.com\/wp-content\/uploads\/2025\/10\/Produkte-768x432.jpg 768w, https:\/\/we.automation-inside.com\/wp-content\/uploads\/2025\/10\/Produkte-1536x864.jpg 1536w, https:\/\/we.automation-inside.com\/wp-content\/uploads\/2025\/10\/Produkte.jpg 1920w\" sizes=\"(max-width: 800px) 100vw, 800px\" \/>\t\t\t\t\t\t\t\t\t\t\t\t\t\t\t<\/div>\n\t\t\t\t<\/div>\n\t\t<div class=\"elementor-element elementor-element-bede3a4 e-con-full e-flex e-con e-child\" data-id=\"bede3a4\" data-element_type=\"container\">\n\t\t\t\t<div class=\"elementor-element elementor-element-6e53c2c elementor-widget elementor-widget-text-editor\" data-id=\"6e53c2c\" data-element_type=\"widget\" data-widget_type=\"text-editor.default\">\n\t\t\t\t\t\t\t\t\t<h4>Productes i processos sostenibles<\/h4><p>Els nostres productes s\u00f3n duradors, eficients energ\u00e8ticament i conserven recursos. Els envasos estan fets de materials reutilitzables i s&#8217;han optimitzat pel que fa al volum i el pes. Els processos de producci\u00f3 es milloren cont\u00ednuament per reduir els residus, evitar rebutjos i, alhora, augmentar la fiabilitat i la qualitat del proc\u00e9s.  <\/p>\t\t\t\t\t\t\t\t<\/div>\n\t\t\t\t<\/div>\n\t\t\t\t\t<\/div>\n\t\t\t\t<\/div>\n\t\t<div class=\"elementor-element elementor-element-43bb554 e-flex e-con-boxed e-con e-parent\" data-id=\"43bb554\" data-element_type=\"container\">\n\t\t\t\t\t<div class=\"e-con-inner\">\n\t\t<div class=\"elementor-element elementor-element-695f31f e-con-full e-flex e-con e-child\" data-id=\"695f31f\" data-element_type=\"container\">\n\t\t\t\t<div class=\"elementor-element elementor-element-9f3361b elementor-widget elementor-widget-text-editor\" data-id=\"9f3361b\" data-element_type=\"widget\" data-widget_type=\"text-editor.default\">\n\t\t\t\t\t\t\t\t\t<h4>Responsabilitat envers les persones i la societat<\/h4><p>La sostenibilitat tamb\u00e9 significa responsabilitat social. La salut, la seguretat i el desenvolupament professional dels nostres empleats s\u00f3n les nostres principals prioritats. Els horaris de treball flexibles i les pol\u00edtiques respectuoses amb la fam\u00edlia promouen un equilibri saludable entre la vida laboral i la personal. A m\u00e9s, wenglor participa en projectes socials en les \u00e0rees d&#8217;educaci\u00f3, medi ambient, cultura i innovaci\u00f3, i cultiva relacions de confian\u00e7a amb clients i socis.   <\/p>\t\t\t\t\t\t\t\t<\/div>\n\t\t\t\t<\/div>\n\t\t\t\t<div class=\"elementor-element elementor-element-345d110 elementor-widget elementor-widget-global elementor-global-7292 elementor-global-22 elementor-widget-spacer\" data-id=\"345d110\" data-element_type=\"widget\" data-widget_type=\"spacer.default\">\n\t\t\t\t\t\t\t<div class=\"elementor-spacer\">\n\t\t\t<div class=\"elementor-spacer-inner\"><\/div>\n\t\t<\/div>\n\t\t\t\t\t\t<\/div>\n\t\t<div class=\"elementor-element elementor-element-dd820e8 e-con-full e-flex e-con e-child\" data-id=\"dd820e8\" data-element_type=\"container\">\n\t\t\t\t<div class=\"elementor-element elementor-element-a16b98e elementor-widget elementor-widget-image\" data-id=\"a16b98e\" data-element_type=\"widget\" data-widget_type=\"image.default\">\n\t\t\t\t\t\t\t\t\t\t\t\t\t\t\t<img decoding=\"async\" width=\"800\" height=\"450\" src=\"https:\/\/we.automation-inside.com\/wp-content\/uploads\/2025\/10\/Buero_Moderne-Arbeitsplaetze-1024x576.jpg\" class=\"attachment-large size-large wp-image-4783\" alt=\"Estacions de treball d&#039;oficina Wenglor Sensoric Group\" srcset=\"https:\/\/we.automation-inside.com\/wp-content\/uploads\/2025\/10\/Buero_Moderne-Arbeitsplaetze-1024x576.jpg 1024w, https:\/\/we.automation-inside.com\/wp-content\/uploads\/2025\/10\/Buero_Moderne-Arbeitsplaetze-300x169.jpg 300w, https:\/\/we.automation-inside.com\/wp-content\/uploads\/2025\/10\/Buero_Moderne-Arbeitsplaetze-768x432.jpg 768w, https:\/\/we.automation-inside.com\/wp-content\/uploads\/2025\/10\/Buero_Moderne-Arbeitsplaetze-1536x864.jpg 1536w, https:\/\/we.automation-inside.com\/wp-content\/uploads\/2025\/10\/Buero_Moderne-Arbeitsplaetze.jpg 1920w\" sizes=\"(max-width: 800px) 100vw, 800px\" \/>\t\t\t\t\t\t\t\t\t\t\t\t\t\t\t<\/div>\n\t\t\t\t<\/div>\n\t\t\t\t\t<\/div>\n\t\t\t\t<\/div>\n\t\t<div class=\"elementor-element elementor-element-9ccfdd9 e-flex e-con-boxed e-con e-parent\" data-id=\"9ccfdd9\" data-element_type=\"container\">\n\t\t\t\t\t<div class=\"e-con-inner\">\n\t\t<div class=\"elementor-element elementor-element-59c5eb8 e-con-full e-flex e-con e-child\" data-id=\"59c5eb8\" data-element_type=\"container\">\n\t\t\t\t<div class=\"elementor-element elementor-element-691b7af elementor-widget elementor-widget-image\" data-id=\"691b7af\" data-element_type=\"widget\" data-widget_type=\"image.default\">\n\t\t\t\t\t\t\t\t\t\t\t\t\t\t\t<img loading=\"lazy\" decoding=\"async\" width=\"800\" height=\"450\" src=\"https:\/\/we.automation-inside.com\/wp-content\/uploads\/2025\/10\/Websiteergaenzung_ISO_CSR-1024x576.jpg\" class=\"attachment-large size-large wp-image-4784\" alt=\"Certificaci\u00f3 ISO 14001 CRS 26001\" srcset=\"https:\/\/we.automation-inside.com\/wp-content\/uploads\/2025\/10\/Websiteergaenzung_ISO_CSR-1024x576.jpg 1024w, https:\/\/we.automation-inside.com\/wp-content\/uploads\/2025\/10\/Websiteergaenzung_ISO_CSR-300x169.jpg 300w, https:\/\/we.automation-inside.com\/wp-content\/uploads\/2025\/10\/Websiteergaenzung_ISO_CSR-768x432.jpg 768w, https:\/\/we.automation-inside.com\/wp-content\/uploads\/2025\/10\/Websiteergaenzung_ISO_CSR-1536x864.jpg 1536w, https:\/\/we.automation-inside.com\/wp-content\/uploads\/2025\/10\/Websiteergaenzung_ISO_CSR.jpg 1920w\" sizes=\"(max-width: 800px) 100vw, 800px\" \/>\t\t\t\t\t\t\t\t\t\t\t\t\t\t\t<\/div>\n\t\t\t\t<\/div>\n\t\t<div class=\"elementor-element elementor-element-a7e0a19 e-con-full e-flex e-con e-child\" data-id=\"a7e0a19\" data-element_type=\"container\">\n\t\t\t\t<div class=\"elementor-element elementor-element-99c4aa7 elementor-widget elementor-widget-text-editor\" data-id=\"99c4aa7\" data-element_type=\"widget\" data-widget_type=\"text-editor.default\">\n\t\t\t\t\t\t\t\t\t<h4><strong>Est\u00e0ndards certificats i transpar\u00e8ncia<\/strong><\/h4><p>Els nostres objectius mediambientals estan ancorats en un sistema de gesti\u00f3 certificat segons la norma ISO 14001. El progr\u00e9s es mesura, documenta i publica regularment: aix\u00ed \u00e9s com fem transparent el nostre comprom\u00eds amb la sostenibilitat. <\/p>\t\t\t\t\t\t\t\t<\/div>\n\t\t\t\t<\/div>\n\t\t\t\t\t<\/div>\n\t\t\t\t<\/div>\n\t\t<div class=\"elementor-element elementor-element-5cc46ca e-flex e-con-boxed e-con e-parent\" data-id=\"5cc46ca\" data-element_type=\"container\">\n\t\t\t\t\t<div class=\"e-con-inner\">\n\t\t\t\t<div class=\"elementor-element elementor-element-8c35fa2 elementor-widget elementor-widget-text-editor\" data-id=\"8c35fa2\" data-element_type=\"widget\" data-widget_type=\"text-editor.default\">\n\t\t\t\t\t\t\t\t\t<p>Per a nosaltres, l&#8217;acci\u00f3 sostenible no \u00e9s un projecte amb data de finalitzaci\u00f3, sin\u00f3 un proc\u00e9s continu.<\/p><p>Combinem l&#8217;\u00e8xit econ\u00f2mic amb l&#8217;objectiu de donar forma a la tecnologia en harmonia amb la natura i la societat, avui, dem\u00e0 i en el futur.<\/p>\t\t\t\t\t\t\t\t<\/div>\n\t\t\t\t<div class=\"elementor-element elementor-element-c5557d5 elementor-widget elementor-widget-global elementor-global-7292 elementor-global-22 elementor-widget-spacer\" data-id=\"c5557d5\" data-element_type=\"widget\" data-widget_type=\"spacer.default\">\n\t\t\t\t\t\t\t<div class=\"elementor-spacer\">\n\t\t\t<div class=\"elementor-spacer-inner\"><\/div>\n\t\t<\/div>\n\t\t\t\t\t\t<\/div>\n\t\t\t\t\t<\/div>\n\t\t\t\t<\/div>\n\t\t<div class=\"elementor-element elementor-element-8af97b0 e-flex e-con-boxed e-con e-parent\" data-id=\"8af97b0\" data-element_type=\"container\">\n\t\t\t\t\t<div class=\"e-con-inner\">\n\t\t\t\t<div class=\"elementor-element elementor-element-cea5f37 elementor-widget elementor-widget-global elementor-global-7292 elementor-global-22 elementor-widget-spacer\" data-id=\"cea5f37\" data-element_type=\"widget\" data-widget_type=\"spacer.default\">\n\t\t\t\t\t\t\t<div class=\"elementor-spacer\">\n\t\t\t<div class=\"elementor-spacer-inner\"><\/div>\n\t\t<\/div>\n\t\t\t\t\t\t<\/div>\n\t\t\t\t<div class=\"elementor-element elementor-element-5aa14cc elementor-widget elementor-widget-global elementor-global-7292 elementor-global-22 elementor-widget-spacer\" data-id=\"5aa14cc\" data-element_type=\"widget\" data-widget_type=\"spacer.default\">\n\t\t\t\t\t\t\t<div class=\"elementor-spacer\">\n\t\t\t<div class=\"elementor-spacer-inner\"><\/div>\n\t\t<\/div>\n\t\t\t\t\t\t<\/div>\n\t\t\t\t\t<\/div>\n\t\t\t\t<\/div>\n\t\t\t\t<\/div>\n\t\t","protected":false},"excerpt":{"rendered":"<p>Sostenibilitat: tecnologia amb responsabilitat. La sostenibilitat \u00e9s m\u00e9s que una paraula de moda per a nosaltres. Solucions eficients, processos que estalvien recursos i una mentalitat a llarg termini combinen progr\u00e9s amb responsabilitat. Per aix\u00f2 tenim en compte la sostenibilitat en cada pas, des del desenvolupament del producte fins a l&#8217;envasament, des del subministrament d&#8217;energia fins [&hellip;]<\/p>\n","protected":false},"author":1,"featured_media":0,"parent":0,"menu_order":0,"comment_status":"closed","ping_status":"closed","template":"elementor_header_footer","meta":{"footnotes":""},"class_list":["post-4781","page","type-page","status-publish","hentry"],"_links":{"self":[{"href":"https:\/\/we.automation-inside.com\/ca\/wp-json\/wp\/v2\/pages\/4781","targetHints":{"allow":["GET"]}}],"collection":[{"href":"https:\/\/we.automation-inside.com\/ca\/wp-json\/wp\/v2\/pages"}],"about":[{"href":"https:\/\/we.automation-inside.com\/ca\/wp-json\/wp\/v2\/types\/page"}],"author":[{"embeddable":true,"href":"https:\/\/we.automation-inside.com\/ca\/wp-json\/wp\/v2\/users\/1"}],"replies":[{"embeddable":true,"href":"https:\/\/we.automation-inside.com\/ca\/wp-json\/wp\/v2\/comments?post=4781"}],"version-history":[{"count":2,"href":"https:\/\/we.automation-inside.com\/ca\/wp-json\/wp\/v2\/pages\/4781\/revisions"}],"predecessor-version":[{"id":12840,"href":"https:\/\/we.automation-inside.com\/ca\/wp-json\/wp\/v2\/pages\/4781\/revisions\/12840"}],"wp:attachment":[{"href":"https:\/\/we.automation-inside.com\/ca\/wp-json\/wp\/v2\/media?parent=4781"}],"curies":[{"name":"wp","href":"https:\/\/api.w.org\/{rel}","templated":true}]}}