{"id":3589,"date":"2025-09-29T14:34:12","date_gmt":"2025-09-29T14:34:12","guid":{"rendered":"https:\/\/automation-inside.com\/rodina\/"},"modified":"2025-11-20T06:59:09","modified_gmt":"2025-11-20T06:59:09","slug":"rodina","status":"publish","type":"page","link":"https:\/\/we.automation-inside.com\/cs\/rodina\/","title":{"rendered":"Rodina"},"content":{"rendered":"\t\t<div data-elementor-type=\"wp-page\" data-elementor-id=\"3589\" class=\"elementor elementor-3589 elementor-264\" data-elementor-post-type=\"page\">\n\t\t\t\t<div class=\"elementor-element elementor-element-13fa54d9 e-con-full e-flex e-con e-parent\" data-id=\"13fa54d9\" data-element_type=\"container\" data-settings=\"{&quot;background_background&quot;:&quot;classic&quot;}\">\n\t\t\t\t<div class=\"elementor-element elementor-element-272a59d3 elementor-widget elementor-widget-spacer\" data-id=\"272a59d3\" data-element_type=\"widget\" data-widget_type=\"spacer.default\">\n\t\t\t\t\t\t\t<div class=\"elementor-spacer\">\n\t\t\t<div class=\"elementor-spacer-inner\"><\/div>\n\t\t<\/div>\n\t\t\t\t\t\t<\/div>\n\t\t\t\t<div class=\"elementor-element elementor-element-223d99e7 elementor-widget elementor-widget-spacer\" data-id=\"223d99e7\" data-element_type=\"widget\" data-widget_type=\"spacer.default\">\n\t\t\t\t\t\t\t<div class=\"elementor-spacer\">\n\t\t\t<div class=\"elementor-spacer-inner\"><\/div>\n\t\t<\/div>\n\t\t\t\t\t\t<\/div>\n\t\t\t\t<\/div>\n\t\t<div class=\"elementor-element elementor-element-f50be31 e-flex e-con-boxed e-con e-parent\" data-id=\"f50be31\" data-element_type=\"container\">\n\t\t\t\t\t<div class=\"e-con-inner\">\n\t\t\t\t<div class=\"elementor-element elementor-element-01b9fb5 elementor-widget elementor-widget-global elementor-global-7284 elementor-global-22 elementor-widget-spacer\" data-id=\"01b9fb5\" data-element_type=\"widget\" data-widget_type=\"spacer.default\">\n\t\t\t\t\t\t\t<div class=\"elementor-spacer\">\n\t\t\t<div class=\"elementor-spacer-inner\"><\/div>\n\t\t<\/div>\n\t\t\t\t\t\t<\/div>\n\t\t\t\t\t<\/div>\n\t\t\t\t<\/div>\n\t\t<div class=\"elementor-element elementor-element-bfdd4d9 e-flex e-con-boxed e-con e-parent\" data-id=\"bfdd4d9\" data-element_type=\"container\">\n\t\t\t\t\t<div class=\"e-con-inner\">\n\t\t\t\t<div class=\"elementor-element elementor-element-66080e4 elementor-widget elementor-widget-heading\" data-id=\"66080e4\" data-element_type=\"widget\" data-widget_type=\"heading.default\">\n\t\t\t\t\t<h2 class=\"elementor-heading-title elementor-size-default\">Inovativn\u00ed rodina<\/h2>\t\t\t\t<\/div>\n\t\t\t\t\t<\/div>\n\t\t\t\t<\/div>\n\t\t<div class=\"elementor-element elementor-element-c990a60 e-flex e-con-boxed e-con e-parent\" data-id=\"c990a60\" data-element_type=\"container\">\n\t\t\t\t\t<div class=\"e-con-inner\">\n\t\t\t\t<div class=\"elementor-element elementor-element-5fcfa53 elementor-widget elementor-widget-text-editor\" data-id=\"5fcfa53\" data-element_type=\"widget\" data-widget_type=\"text-editor.default\">\n\t\t\t\t\t\t\t\t\t<p>&#8222;inovativn\u00ed rodina&#8220; vystihuje, co je wenglor za\u010d: mezin\u00e1rodn\u011b p\u016fsob\u00edc\u00ed technologick\u00e1 spole\u010dnost s hodnotami rodinn\u00e9ho podniku. Od sv\u00e9ho zalo\u017een\u00ed v roce 1983 Dieterem Baurem se spole\u010dnost wenglor vyvinula z mal\u00e9 v\u00fdvojov\u00e9 d\u00edlny u Bodamsk\u00e9ho jezera v glob\u00e1ln\u00edho dodavatele technologi\u00ed pro senzory a zpracov\u00e1n\u00ed obrazu. Dnes spole\u010dnost \u0159\u00edd\u00ed Fabian a Rafael Baurovi ve druh\u00e9 generaci. Pod jejich veden\u00edm spole\u010dnost wenglor d\u00e1le roste &#8211; m\u00e1 pobo\u010dky v Evrop\u011b, Asii a Americe &#8211; a z\u00e1rove\u0148 z\u016fst\u00e1v\u00e1 v\u011brn\u00e1 sv\u00fdm rodinn\u00fdm ko\u0159en\u016fm.   <\/p>\t\t\t\t\t\t\t\t<\/div>\n\t\t\t\t<div class=\"elementor-element elementor-element-602167f elementor-widget elementor-widget-global elementor-global-7284 elementor-global-22 elementor-widget-spacer\" data-id=\"602167f\" data-element_type=\"widget\" data-widget_type=\"spacer.default\">\n\t\t\t\t\t\t\t<div class=\"elementor-spacer\">\n\t\t\t<div class=\"elementor-spacer-inner\"><\/div>\n\t\t<\/div>\n\t\t\t\t\t\t<\/div>\n\t\t\t\t\t<\/div>\n\t\t\t\t<\/div>\n\t\t<div class=\"elementor-element elementor-element-cce0f76 e-flex e-con-boxed e-con e-parent\" data-id=\"cce0f76\" data-element_type=\"container\">\n\t\t\t\t\t<div class=\"e-con-inner\">\n\t\t<div class=\"elementor-element elementor-element-40879fb e-con-full e-flex e-con e-child\" data-id=\"40879fb\" data-element_type=\"container\">\n\t\t\t\t<div class=\"elementor-element elementor-element-53fc295 elementor-widget elementor-widget-text-editor\" data-id=\"53fc295\" data-element_type=\"widget\" data-widget_type=\"text-editor.default\">\n\t\t\t\t\t\t\t\t\t<h4>Zn\u00e1m\u00fd zp\u016fsob pr\u00e1ce<\/h4><p>V centru pozornosti jsou lid\u00e9, kte\u0159\u00ed wenglor utv\u00e1\u0159ej\u00ed. Poch\u00e1zej\u00ed z r\u016fzn\u00fdch obor\u016f, uva\u017euj\u00ed interdisciplin\u00e1rn\u011b a s nad\u0161en\u00edm vyv\u00edjej\u00ed technologick\u00e1 \u0159e\u0161en\u00ed pro pr\u016fmyslovou automatizaci. Spolupr\u00e1ce je zalo\u017eena na d\u016fv\u011b\u0159e, otev\u0159enosti a vz\u00e1jemn\u00e9 podpo\u0159e bez ohledu na funkci nebo hierarchii. Ve spole\u010dnosti wenglor je &#8222;Du&#8220; \u017eiv\u00fdm vyj\u00e1d\u0159en\u00edm t\u00e9to kultury a znamen\u00e1 bl\u00edzkost, respekt a nekomplikovanou komunikaci na \u00farovni o\u010d\u00ed. Tento d\u016fv\u011brn\u011b zn\u00e1m\u00fd zp\u016fsob pr\u00e1ce se odr\u00e1\u017e\u00ed i ve veden\u00ed spole\u010dnosti. Rozhodnut\u00ed se sd\u00edlej\u00ed, nov\u00e9 n\u00e1pady se berou v\u00e1\u017en\u011b a podporuje se osobn\u00ed iniciativa. Zam\u011bstnanci se aktivn\u011b pod\u00edlej\u00ed na utv\u00e1\u0159en\u00ed proces\u016f, p\u0159eb\u00edraj\u00ed odpov\u011bdnost a p\u0159isp\u00edvaj\u00ed sv\u00fdmi individu\u00e1ln\u00edmi p\u0159ednostmi. To vytv\u00e1\u0159\u00ed pracovn\u00ed prost\u0159ed\u00ed, v n\u011bm\u017e inovace nejsou jen c\u00edlem, ale nep\u0159etr\u017eit\u00fdm procesem.       <\/p>\t\t\t\t\t\t\t\t<\/div>\n\t\t\t\t<\/div>\n\t\t<div class=\"elementor-element elementor-element-3c362f2 e-con-full e-flex e-con e-child\" data-id=\"3c362f2\" data-element_type=\"container\">\n\t\t\t\t<div class=\"elementor-element elementor-element-3f8d6b5 elementor-widget elementor-widget-image\" data-id=\"3f8d6b5\" data-element_type=\"widget\" data-widget_type=\"image.default\">\n\t\t\t\t\t\t\t\t\t\t\t\t\t\t\t<img fetchpriority=\"high\" decoding=\"async\" width=\"800\" height=\"533\" src=\"https:\/\/we.automation-inside.com\/wp-content\/uploads\/2025\/10\/General-Management_1-1024x682.jpg\" class=\"attachment-large size-large wp-image-3590\" alt=\"wenglor Obecn\u00e9 \u0159\u00edzen\u00ed\" srcset=\"https:\/\/we.automation-inside.com\/wp-content\/uploads\/2025\/10\/General-Management_1-1024x682.jpg 1024w, https:\/\/we.automation-inside.com\/wp-content\/uploads\/2025\/10\/General-Management_1-300x200.jpg 300w, https:\/\/we.automation-inside.com\/wp-content\/uploads\/2025\/10\/General-Management_1-768x512.jpg 768w, https:\/\/we.automation-inside.com\/wp-content\/uploads\/2025\/10\/General-Management_1-1536x1024.jpg 1536w, https:\/\/we.automation-inside.com\/wp-content\/uploads\/2025\/10\/General-Management_1.jpg 2000w\" sizes=\"(max-width: 800px) 100vw, 800px\" \/>\t\t\t\t\t\t\t\t\t\t\t\t\t\t\t<\/div>\n\t\t\t\t<\/div>\n\t\t\t\t\t<\/div>\n\t\t\t\t<\/div>\n\t\t<div class=\"elementor-element elementor-element-96cc86e e-flex e-con-boxed e-con e-parent\" data-id=\"96cc86e\" data-element_type=\"container\">\n\t\t\t\t\t<div class=\"e-con-inner\">\n\t\t<div class=\"elementor-element elementor-element-7415e4a e-con-full e-flex e-con e-child\" data-id=\"7415e4a\" data-element_type=\"container\">\n\t\t\t\t<div class=\"elementor-element elementor-element-f14c74f elementor-widget elementor-widget-image\" data-id=\"f14c74f\" data-element_type=\"widget\" data-widget_type=\"image.default\">\n\t\t\t\t\t\t\t\t\t\t\t\t\t\t\t<img decoding=\"async\" width=\"800\" height=\"534\" src=\"https:\/\/we.automation-inside.com\/wp-content\/uploads\/2025\/10\/Team_13-1024x683.jpg\" class=\"attachment-large size-large wp-image-3591\" alt=\"wenglor sensoric group T\u00fdm\" srcset=\"https:\/\/we.automation-inside.com\/wp-content\/uploads\/2025\/10\/Team_13-1024x683.jpg 1024w, https:\/\/we.automation-inside.com\/wp-content\/uploads\/2025\/10\/Team_13-300x200.jpg 300w, https:\/\/we.automation-inside.com\/wp-content\/uploads\/2025\/10\/Team_13-768x512.jpg 768w, https:\/\/we.automation-inside.com\/wp-content\/uploads\/2025\/10\/Team_13-1536x1025.jpg 1536w, https:\/\/we.automation-inside.com\/wp-content\/uploads\/2025\/10\/Team_13.jpg 1731w\" sizes=\"(max-width: 800px) 100vw, 800px\" \/>\t\t\t\t\t\t\t\t\t\t\t\t\t\t\t<\/div>\n\t\t\t\t<\/div>\n\t\t<div class=\"elementor-element elementor-element-32607fe e-con-full e-flex e-con e-child\" data-id=\"32607fe\" data-element_type=\"container\">\n\t\t\t\t<div class=\"elementor-element elementor-element-e5d0c69 elementor-widget elementor-widget-text-editor\" data-id=\"e5d0c69\" data-element_type=\"widget\" data-widget_type=\"text-editor.default\">\n\t\t\t\t\t\t\t\t\t<h4>Odpov\u011bdnost<\/h4><p>Spole\u010dnost wenglor se pova\u017euje za dlouhodob\u011b uva\u017euj\u00edc\u00ed rodinn\u00fd podnik, kter\u00fd p\u0159eb\u00edr\u00e1 odpov\u011bdnost za lidi, \u017eivotn\u00ed prost\u0159ed\u00ed a spole\u010dnost. Udr\u017eitelnost a spole\u010densk\u00e1 odpov\u011bdnost jsou pevn\u011b zakotveny ve filozofii spole\u010dnosti &#8211; od energeticky \u00fa\u010dinn\u00fdch v\u00fdrobn\u00edch proces\u016f a\u017e po zapojen\u00ed do region\u00e1ln\u00edch projekt\u016f a iniciativ. Tento p\u0159\u00edstup se odr\u00e1\u017e\u00ed v ka\u017edodenn\u00edch interakc\u00edch i v ohledupln\u00e9m vyu\u017e\u00edv\u00e1n\u00ed zdroj\u016f. Jako zam\u011bstnavatel \u017eije spole\u010dnost wenglor tak\u00e9 my\u0161lenkou &#8222;inovativn\u00ed rodiny&#8220;. Modern\u00ed pracovn\u00ed m\u00edsta, flexibiln\u00ed struktury a rozmanit\u00e9 mo\u017enosti rozvoje vytv\u00e1\u0159ej\u00ed z\u00e1klad pozitivn\u00ed pracovn\u00ed kultury.    <\/p>\t\t\t\t\t\t\t\t<\/div>\n\t\t\t\t<\/div>\n\t\t\t\t\t<\/div>\n\t\t\t\t<\/div>\n\t\t<div class=\"elementor-element elementor-element-a6b9888 e-flex e-con-boxed e-con e-parent\" data-id=\"a6b9888\" data-element_type=\"container\">\n\t\t\t\t\t<div class=\"e-con-inner\">\n\t\t<div class=\"elementor-element elementor-element-af995a0 e-con-full e-flex e-con e-child\" data-id=\"af995a0\" data-element_type=\"container\">\n\t\t\t\t<div class=\"elementor-element elementor-element-a1abd1d elementor-widget elementor-widget-text-editor\" data-id=\"a1abd1d\" data-element_type=\"widget\" data-widget_type=\"text-editor.default\">\n\t\t\t\t\t\t\t\t\t<h4>Spolupr\u00e1ce<\/h4><p>&#8222;inovativn\u00ed rodina&#8220; tak p\u0159edstavuje spole\u010denstv\u00ed, v n\u011bm\u017e je pokrok v\u00fdsledkem znalost\u00ed, zku\u0161enost\u00ed a spolupr\u00e1ce. Ka\u017ed\u00e1 inovace je v\u00fdsledkem v\u00fdm\u011bny mnoha pohled\u016f: z praxe, z v\u00fdzkumu a z ka\u017edodenn\u00ed interakce. Takto vyv\u00edj\u00edme \u0159e\u0161en\u00ed, kter\u00e1 spojuj\u00ed technologickou p\u0159esnost s lidsk\u00fdm porozum\u011bn\u00edm a neust\u00e1le tak zlep\u0161uj\u00ed pr\u016fmyslovou automatizaci.  <\/p>\t\t\t\t\t\t\t\t<\/div>\n\t\t\t\t<\/div>\n\t\t<div class=\"elementor-element elementor-element-4b5243a e-con-full e-flex e-con e-child\" data-id=\"4b5243a\" data-element_type=\"container\">\n\t\t\t\t<div class=\"elementor-element elementor-element-35e43e7 elementor-widget elementor-widget-image\" data-id=\"35e43e7\" data-element_type=\"widget\" data-widget_type=\"image.default\">\n\t\t\t\t\t\t\t\t\t\t\t\t\t\t\t<img decoding=\"async\" width=\"800\" height=\"450\" src=\"https:\/\/we.automation-inside.com\/wp-content\/uploads\/2025\/10\/Serviceleistung_Support-1024x576.jpg\" class=\"attachment-large size-large wp-image-3592\" alt=\"Podpora senzorick\u00e9 skupiny wengor\" srcset=\"https:\/\/we.automation-inside.com\/wp-content\/uploads\/2025\/10\/Serviceleistung_Support-1024x576.jpg 1024w, https:\/\/we.automation-inside.com\/wp-content\/uploads\/2025\/10\/Serviceleistung_Support-300x169.jpg 300w, https:\/\/we.automation-inside.com\/wp-content\/uploads\/2025\/10\/Serviceleistung_Support-768x432.jpg 768w, https:\/\/we.automation-inside.com\/wp-content\/uploads\/2025\/10\/Serviceleistung_Support-1536x864.jpg 1536w, https:\/\/we.automation-inside.com\/wp-content\/uploads\/2025\/10\/Serviceleistung_Support.jpg 1920w\" sizes=\"(max-width: 800px) 100vw, 800px\" \/>\t\t\t\t\t\t\t\t\t\t\t\t\t\t\t<\/div>\n\t\t\t\t<\/div>\n\t\t\t\t\t<\/div>\n\t\t\t\t<\/div>\n\t\t<div class=\"elementor-element elementor-element-312da43 e-flex e-con-boxed e-con e-parent\" data-id=\"312da43\" data-element_type=\"container\">\n\t\t\t\t\t<div class=\"e-con-inner\">\n\t\t\t\t<div class=\"elementor-element elementor-element-47ecc22 elementor-widget elementor-widget-text-editor\" data-id=\"47ecc22\" data-element_type=\"widget\" data-widget_type=\"text-editor.default\">\n\t\t\t\t\t\t\t\t\t<p>Poznejte lidi, kte\u0159\u00ed stoj\u00ed za spole\u010dnost\u00ed wenglor, a zjist\u011bte, jak t\u00fdmov\u00fd duch umo\u017e\u0148uje inovace.<\/p>\t\t\t\t\t\t\t\t<\/div>\n\t\t\t\t<div class=\"elementor-element elementor-element-add8b9d elementor-widget elementor-widget-global elementor-global-7284 elementor-global-22 elementor-widget-spacer\" data-id=\"add8b9d\" data-element_type=\"widget\" data-widget_type=\"spacer.default\">\n\t\t\t\t\t\t\t<div class=\"elementor-spacer\">\n\t\t\t<div class=\"elementor-spacer-inner\"><\/div>\n\t\t<\/div>\n\t\t\t\t\t\t<\/div>\n\t\t\t\t\t<\/div>\n\t\t\t\t<\/div>\n\t\t\t\t<\/div>\n\t\t","protected":false},"excerpt":{"rendered":"<p>Inovativn\u00ed rodina &#8222;inovativn\u00ed rodina&#8220; vystihuje, co je wenglor za\u010d: mezin\u00e1rodn\u011b p\u016fsob\u00edc\u00ed technologick\u00e1 spole\u010dnost s hodnotami rodinn\u00e9ho podniku. Od sv\u00e9ho zalo\u017een\u00ed v roce 1983 Dieterem Baurem se spole\u010dnost wenglor vyvinula z mal\u00e9 v\u00fdvojov\u00e9 d\u00edlny u Bodamsk\u00e9ho jezera v glob\u00e1ln\u00edho dodavatele technologi\u00ed pro senzory a zpracov\u00e1n\u00ed obrazu. Dnes spole\u010dnost \u0159\u00edd\u00ed Fabian a Rafael Baurovi ve druh\u00e9 generaci. [&hellip;]<\/p>\n","protected":false},"author":1,"featured_media":0,"parent":0,"menu_order":0,"comment_status":"closed","ping_status":"closed","template":"elementor_header_footer","meta":{"footnotes":""},"class_list":["post-3589","page","type-page","status-publish","hentry"],"_links":{"self":[{"href":"https:\/\/we.automation-inside.com\/cs\/wp-json\/wp\/v2\/pages\/3589","targetHints":{"allow":["GET"]}}],"collection":[{"href":"https:\/\/we.automation-inside.com\/cs\/wp-json\/wp\/v2\/pages"}],"about":[{"href":"https:\/\/we.automation-inside.com\/cs\/wp-json\/wp\/v2\/types\/page"}],"author":[{"embeddable":true,"href":"https:\/\/we.automation-inside.com\/cs\/wp-json\/wp\/v2\/users\/1"}],"replies":[{"embeddable":true,"href":"https:\/\/we.automation-inside.com\/cs\/wp-json\/wp\/v2\/comments?post=3589"}],"version-history":[{"count":7,"href":"https:\/\/we.automation-inside.com\/cs\/wp-json\/wp\/v2\/pages\/3589\/revisions"}],"predecessor-version":[{"id":12882,"href":"https:\/\/we.automation-inside.com\/cs\/wp-json\/wp\/v2\/pages\/3589\/revisions\/12882"}],"wp:attachment":[{"href":"https:\/\/we.automation-inside.com\/cs\/wp-json\/wp\/v2\/media?parent=3589"}],"curies":[{"name":"wp","href":"https:\/\/api.w.org\/{rel}","templated":true}]}}