{"id":5997,"date":"2025-09-29T14:17:12","date_gmt":"2025-09-29T14:17:12","guid":{"rendered":"https:\/\/automation-inside.com\/pripad-pouziti\/"},"modified":"2025-11-10T14:27:30","modified_gmt":"2025-11-10T14:27:30","slug":"pripad-pouziti","status":"publish","type":"page","link":"https:\/\/we.automation-inside.com\/cs\/pripad-pouziti\/","title":{"rendered":"P\u0159\u00edpad pou\u017eit\u00ed"},"content":{"rendered":"\t\t<div data-elementor-type=\"wp-page\" data-elementor-id=\"5997\" class=\"elementor elementor-5997 elementor-220\" data-elementor-post-type=\"page\">\n\t\t\t\t<div class=\"elementor-element elementor-element-13fa54d9 e-con-full e-flex e-con e-parent\" data-id=\"13fa54d9\" data-element_type=\"container\" data-settings=\"{&quot;background_background&quot;:&quot;classic&quot;}\">\n\t\t\t\t<div class=\"elementor-element elementor-element-272a59d3 elementor-widget elementor-widget-spacer\" data-id=\"272a59d3\" data-element_type=\"widget\" data-widget_type=\"spacer.default\">\n\t\t\t\t\t\t\t<div class=\"elementor-spacer\">\n\t\t\t<div class=\"elementor-spacer-inner\"><\/div>\n\t\t<\/div>\n\t\t\t\t\t\t<\/div>\n\t\t\t\t<div class=\"elementor-element elementor-element-223d99e7 elementor-widget elementor-widget-spacer\" data-id=\"223d99e7\" data-element_type=\"widget\" data-widget_type=\"spacer.default\">\n\t\t\t\t\t\t\t<div class=\"elementor-spacer\">\n\t\t\t<div class=\"elementor-spacer-inner\"><\/div>\n\t\t<\/div>\n\t\t\t\t\t\t<\/div>\n\t\t\t\t<\/div>\n\t\t<div class=\"elementor-element elementor-element-f50be31 e-flex e-con-boxed e-con e-parent\" data-id=\"f50be31\" data-element_type=\"container\">\n\t\t\t\t\t<div class=\"e-con-inner\">\n\t\t\t\t<div class=\"elementor-element elementor-element-01b9fb5 elementor-widget elementor-widget-global elementor-global-7284 elementor-global-22 elementor-widget-spacer\" data-id=\"01b9fb5\" data-element_type=\"widget\" data-widget_type=\"spacer.default\">\n\t\t\t\t\t\t\t<div class=\"elementor-spacer\">\n\t\t\t<div class=\"elementor-spacer-inner\"><\/div>\n\t\t<\/div>\n\t\t\t\t\t\t<\/div>\n\t\t\t\t\t<\/div>\n\t\t\t\t<\/div>\n\t\t<div class=\"elementor-element elementor-element-bfdd4d9 e-flex e-con-boxed e-con e-parent\" data-id=\"bfdd4d9\" data-element_type=\"container\">\n\t\t\t\t\t<div class=\"e-con-inner\">\n\t\t\t\t<div class=\"elementor-element elementor-element-66080e4 elementor-widget elementor-widget-heading\" data-id=\"66080e4\" data-element_type=\"widget\" data-widget_type=\"heading.default\">\n\t\t\t\t\t<h2 class=\"elementor-heading-title elementor-size-default\">P\u0159\u00edpad pou\u017eit\u00ed - automatizace, kter\u00e9 se m\u016f\u017eete dotknout.<\/h2>\t\t\t\t<\/div>\n\t\t\t\t\t<\/div>\n\t\t\t\t<\/div>\n\t\t<div class=\"elementor-element elementor-element-c990a60 e-flex e-con-boxed e-con e-parent\" data-id=\"c990a60\" data-element_type=\"container\">\n\t\t\t\t\t<div class=\"e-con-inner\">\n\t\t\t\t<div class=\"elementor-element elementor-element-5fcfa53 elementor-widget elementor-widget-text-editor\" data-id=\"5fcfa53\" data-element_type=\"widget\" data-widget_type=\"text-editor.default\">\n\t\t\t\t\t\t\t\t\t<p>Zjist\u011bte, jak na\u0161e automatiza\u010dn\u00ed \u0159e\u0161en\u00ed vytv\u00e1\u0159ej\u00ed skute\u010dnou p\u0159idanou hodnotu v praxi. Odpov\u00edme na b\u011b\u017en\u00e9 ot\u00e1zky z\u00e1kazn\u00edk\u016f a poskytneme konkr\u00e9tn\u00ed informace o \u0161irok\u00e9 \u0161k\u00e1le aplikac\u00ed. <\/p>\t\t\t\t\t\t\t\t<\/div>\n\t\t\t\t<div class=\"elementor-element elementor-element-ab39047 elementor-widget elementor-widget-global elementor-global-7284 elementor-global-22 elementor-widget-spacer\" data-id=\"ab39047\" data-element_type=\"widget\" data-widget_type=\"spacer.default\">\n\t\t\t\t\t\t\t<div class=\"elementor-spacer\">\n\t\t\t<div class=\"elementor-spacer-inner\"><\/div>\n\t\t<\/div>\n\t\t\t\t\t\t<\/div>\n\t\t\t\t\t<\/div>\n\t\t\t\t<\/div>\n\t\t<div class=\"elementor-element elementor-element-ce05d0c e-flex e-con-boxed e-con e-parent\" data-id=\"ce05d0c\" data-element_type=\"container\">\n\t\t\t\t\t<div class=\"e-con-inner\">\n\t\t<div class=\"elementor-element elementor-element-cdf3b9e e-con-full e-flex e-con e-child\" data-id=\"cdf3b9e\" data-element_type=\"container\">\n\t\t<div class=\"elementor-element elementor-element-648ec5d e-con-full e-flex e-con e-child\" data-id=\"648ec5d\" data-element_type=\"container\">\n\t\t<div class=\"elementor-element elementor-element-68d8507 e-con-full e-flex e-con e-child\" data-id=\"68d8507\" data-element_type=\"container\">\n\t\t\t\t<div class=\"elementor-element elementor-element-d6e3cec elementor-widget elementor-widget-text-editor\" data-id=\"d6e3cec\" data-element_type=\"widget\" data-widget_type=\"text-editor.default\">\n\t\t\t\t\t\t\t\t\t<h3 data-start=\"661\" data-end=\"673\">Z\u00e1kazn\u00edci se ptaj\u00ed<\/h3><p>Zde naleznete odpov\u011bdi na nej\u010dast\u011bji kladen\u00e9 ot\u00e1zky a b\u011b\u017en\u00e9 probl\u00e9my &#8211; praktick\u00e9 a zam\u011b\u0159en\u00e9 na \u0159e\u0161en\u00ed.<\/p>\t\t\t\t\t\t\t\t<\/div>\n\t\t\t\t<div class=\"elementor-element elementor-element-2e9c210 elementor-align-center elementor-widget__width-inherit elementor-widget elementor-widget-button\" data-id=\"2e9c210\" data-element_type=\"widget\" data-widget_type=\"button.default\">\n\t\t\t\t\t\t\t\t\t\t<a class=\"elementor-button elementor-button-link elementor-size-sm\" href=\"https:\/\/we.automation-inside.com\/cs\/zakaznici-se-ptaji\/\">\n\t\t\t\t\t\t<span class=\"elementor-button-content-wrapper\">\n\t\t\t\t\t\t\t\t\t<span class=\"elementor-button-text\">Objevte odpov\u011bdi<\/span>\n\t\t\t\t\t<\/span>\n\t\t\t\t\t<\/a>\n\t\t\t\t\t\t\t\t<\/div>\n\t\t\t\t<\/div>\n\t\t\t\t<\/div>\n\t\t<div class=\"elementor-element elementor-element-742114e e-con-full e-flex e-con e-child\" data-id=\"742114e\" data-element_type=\"container\">\n\t\t<div class=\"elementor-element elementor-element-c671a72 e-con-full e-flex e-con e-child\" data-id=\"c671a72\" data-element_type=\"container\">\n\t\t\t\t<div class=\"elementor-element elementor-element-bdf357d elementor-widget elementor-widget-text-editor\" data-id=\"bdf357d\" data-element_type=\"widget\" data-widget_type=\"text-editor.default\">\n\t\t\t\t\t\t\t\t\t<h3 data-start=\"661\" data-end=\"673\">Aplikace<\/h3><p>Od v\u00fdroby po logistiku &#8211; pod\u00edvejte se, jak se na\u0161e technologie pou\u017e\u00edvaj\u00ed v \u0161irok\u00e9 \u0161k\u00e1le pr\u016fmyslov\u00fdch odv\u011btv\u00ed a m\u011b\u0159iteln\u011b zlep\u0161uj\u00ed procesy.<\/p>\t\t\t\t\t\t\t\t<\/div>\n\t\t\t\t<div class=\"elementor-element elementor-element-5d8e44e elementor-align-center elementor-widget elementor-widget-button\" data-id=\"5d8e44e\" data-element_type=\"widget\" data-widget_type=\"button.default\">\n\t\t\t\t\t\t\t\t\t\t<a class=\"elementor-button elementor-button-link elementor-size-sm\" href=\"https:\/\/we.automation-inside.com\/cs\/aplikace\/\">\n\t\t\t\t\t\t<span class=\"elementor-button-content-wrapper\">\n\t\t\t\t\t\t\t\t\t<span class=\"elementor-button-text\">Zjist\u011bte v\u00edce<\/span>\n\t\t\t\t\t<\/span>\n\t\t\t\t\t<\/a>\n\t\t\t\t\t\t\t\t<\/div>\n\t\t\t\t<\/div>\n\t\t\t\t<\/div>\n\t\t\t\t<\/div>\n\t\t\t\t<div class=\"elementor-element elementor-element-2a5775f elementor-widget elementor-widget-global elementor-global-7284 elementor-global-22 elementor-widget-spacer\" data-id=\"2a5775f\" data-element_type=\"widget\" data-widget_type=\"spacer.default\">\n\t\t\t\t\t\t\t<div class=\"elementor-spacer\">\n\t\t\t<div class=\"elementor-spacer-inner\"><\/div>\n\t\t<\/div>\n\t\t\t\t\t\t<\/div>\n\t\t\t\t\t<\/div>\n\t\t\t\t<\/div>\n\t\t<div class=\"elementor-element elementor-element-4ac3f39 e-flex e-con-boxed e-con e-parent\" data-id=\"4ac3f39\" data-element_type=\"container\">\n\t\t\t\t\t<div class=\"e-con-inner\">\n\t\t\t\t\t<\/div>\n\t\t\t\t<\/div>\n\t\t\t\t<\/div>\n\t\t","protected":false},"excerpt":{"rendered":"<p>P\u0159\u00edpad pou\u017eit\u00ed &#8211; automatizace, kter\u00e9 se m\u016f\u017eete dotknout. Zjist\u011bte, jak na\u0161e automatiza\u010dn\u00ed \u0159e\u0161en\u00ed vytv\u00e1\u0159ej\u00ed skute\u010dnou p\u0159idanou hodnotu v praxi. Odpov\u00edme na b\u011b\u017en\u00e9 ot\u00e1zky z\u00e1kazn\u00edk\u016f a poskytneme konkr\u00e9tn\u00ed informace o \u0161irok\u00e9 \u0161k\u00e1le aplikac\u00ed. Z\u00e1kazn\u00edci se ptaj\u00ed Zde naleznete odpov\u011bdi na nej\u010dast\u011bji kladen\u00e9 ot\u00e1zky a b\u011b\u017en\u00e9 probl\u00e9my &#8211; praktick\u00e9 a zam\u011b\u0159en\u00e9 na \u0159e\u0161en\u00ed. Objevte odpov\u011bdi Aplikace Od [&hellip;]<\/p>\n","protected":false},"author":1,"featured_media":0,"parent":0,"menu_order":0,"comment_status":"closed","ping_status":"closed","template":"elementor_header_footer","meta":{"footnotes":""},"class_list":["post-5997","page","type-page","status-publish","hentry"],"_links":{"self":[{"href":"https:\/\/we.automation-inside.com\/cs\/wp-json\/wp\/v2\/pages\/5997","targetHints":{"allow":["GET"]}}],"collection":[{"href":"https:\/\/we.automation-inside.com\/cs\/wp-json\/wp\/v2\/pages"}],"about":[{"href":"https:\/\/we.automation-inside.com\/cs\/wp-json\/wp\/v2\/types\/page"}],"author":[{"embeddable":true,"href":"https:\/\/we.automation-inside.com\/cs\/wp-json\/wp\/v2\/users\/1"}],"replies":[{"embeddable":true,"href":"https:\/\/we.automation-inside.com\/cs\/wp-json\/wp\/v2\/comments?post=5997"}],"version-history":[{"count":1,"href":"https:\/\/we.automation-inside.com\/cs\/wp-json\/wp\/v2\/pages\/5997\/revisions"}],"predecessor-version":[{"id":5998,"href":"https:\/\/we.automation-inside.com\/cs\/wp-json\/wp\/v2\/pages\/5997\/revisions\/5998"}],"wp:attachment":[{"href":"https:\/\/we.automation-inside.com\/cs\/wp-json\/wp\/v2\/media?parent=5997"}],"curies":[{"name":"wp","href":"https:\/\/api.w.org\/{rel}","templated":true}]}}