{"id":3729,"date":"2025-09-29T13:57:38","date_gmt":"2025-09-29T13:57:38","guid":{"rendered":"https:\/\/automation-inside.com\/coup-de-projecteur\/"},"modified":"2025-11-20T09:08:28","modified_gmt":"2025-11-20T09:08:28","slug":"coup-de-projecteur","status":"publish","type":"page","link":"https:\/\/we.automation-inside.com\/fr\/coup-de-projecteur\/","title":{"rendered":"Pleins feux"},"content":{"rendered":"\t\t<div data-elementor-type=\"wp-page\" data-elementor-id=\"3729\" class=\"elementor elementor-3729 elementor-207\" data-elementor-post-type=\"page\">\n\t\t\t\t<div class=\"elementor-element elementor-element-2e8c70c3 e-con-full e-flex e-con e-parent\" data-id=\"2e8c70c3\" data-element_type=\"container\" data-settings=\"{&quot;background_background&quot;:&quot;classic&quot;}\">\n\t\t\t\t<div class=\"elementor-element elementor-element-2baa2524 elementor-widget elementor-widget-spacer\" data-id=\"2baa2524\" data-element_type=\"widget\" data-widget_type=\"spacer.default\">\n\t\t\t\t\t\t\t<div class=\"elementor-spacer\">\n\t\t\t<div class=\"elementor-spacer-inner\"><\/div>\n\t\t<\/div>\n\t\t\t\t\t\t<\/div>\n\t\t\t\t<div class=\"elementor-element elementor-element-29cb57f9 elementor-widget elementor-widget-spacer\" data-id=\"29cb57f9\" data-element_type=\"widget\" data-widget_type=\"spacer.default\">\n\t\t\t\t\t\t\t<div class=\"elementor-spacer\">\n\t\t\t<div class=\"elementor-spacer-inner\"><\/div>\n\t\t<\/div>\n\t\t\t\t\t\t<\/div>\n\t\t\t\t<\/div>\n\t\t<div class=\"elementor-element elementor-element-aef81c7 e-flex e-con-boxed e-con e-parent\" data-id=\"aef81c7\" data-element_type=\"container\">\n\t\t\t\t\t<div class=\"e-con-inner\">\n\t\t\t\t<div class=\"elementor-element elementor-element-afd82e5 elementor-widget elementor-widget-global elementor-global-7286 elementor-global-22 elementor-widget-spacer\" data-id=\"afd82e5\" data-element_type=\"widget\" data-widget_type=\"spacer.default\">\n\t\t\t\t\t\t\t<div class=\"elementor-spacer\">\n\t\t\t<div class=\"elementor-spacer-inner\"><\/div>\n\t\t<\/div>\n\t\t\t\t\t\t<\/div>\n\t\t\t\t\t<\/div>\n\t\t\t\t<\/div>\n\t\t<div class=\"elementor-element elementor-element-3753572 e-flex e-con-boxed e-con e-parent\" data-id=\"3753572\" data-element_type=\"container\">\n\t\t\t\t\t<div class=\"e-con-inner\">\n\t\t\t\t<div class=\"elementor-element elementor-element-cc2b455 elementor-widget elementor-widget-heading\" data-id=\"cc2b455\" data-element_type=\"widget\" data-widget_type=\"heading.default\">\n\t\t\t\t\t<h2 class=\"elementor-heading-title elementor-size-default\">Pleins feux sur !  <\/h2>\t\t\t\t<\/div>\n\t\t\t\t\t<\/div>\n\t\t\t\t<\/div>\n\t\t<div class=\"elementor-element elementor-element-5edb12e e-flex e-con-boxed e-con e-parent\" data-id=\"5edb12e\" data-element_type=\"container\">\n\t\t\t\t\t<div class=\"e-con-inner\">\n\t\t\t\t<div class=\"elementor-element elementor-element-aa03de1 elementor-widget elementor-widget-text-editor\" data-id=\"aa03de1\" data-element_type=\"widget\" data-widget_type=\"text-editor.default\">\n\t\t\t\t\t\t\t\t\t<p>D\u00e9couvrez ce qui fait bouger le secteur. Nous mettons en lumi\u00e8re les tendances actuelles, fournissons des avis d&rsquo;experts pratiques et pr\u00e9sentons des nouveaux produits innovants et des solutions d&rsquo;automatisation \u00e9prouv\u00e9es. <\/p>\t\t\t\t\t\t\t\t<\/div>\n\t\t\t\t<div class=\"elementor-element elementor-element-09da0db elementor-widget elementor-widget-global elementor-global-7286 elementor-global-22 elementor-widget-spacer\" data-id=\"09da0db\" data-element_type=\"widget\" data-widget_type=\"spacer.default\">\n\t\t\t\t\t\t\t<div class=\"elementor-spacer\">\n\t\t\t<div class=\"elementor-spacer-inner\"><\/div>\n\t\t<\/div>\n\t\t\t\t\t\t<\/div>\n\t\t<div class=\"elementor-element elementor-element-de493e5 e-con-full e-flex e-con e-child\" data-id=\"de493e5\" data-element_type=\"container\">\n\t\t<div class=\"elementor-element elementor-element-290af41 e-con-full e-flex e-con e-child\" data-id=\"290af41\" data-element_type=\"container\">\n\t\t<div class=\"elementor-element elementor-element-3982bab e-con-full e-flex e-con e-child\" data-id=\"3982bab\" data-element_type=\"container\">\n\t\t\t\t<div class=\"elementor-element elementor-element-ff33bc0 elementor-widget elementor-widget-text-editor\" data-id=\"ff33bc0\" data-element_type=\"widget\" data-widget_type=\"text-editor.default\">\n\t\t\t\t\t\t\t\t\t<h3 data-start=\"661\" data-end=\"673\">Tendances<\/h3><p>Restez \u00e0 l&rsquo;\u00e9coute de l&rsquo;automatisation et trouvez des id\u00e9es dans les domaines des capteurs, de la vision industrielle et de la fabrication intelligente.<\/p>\t\t\t\t\t\t\t\t<\/div>\n\t\t\t\t<div class=\"elementor-element elementor-element-6608ae6 elementor-align-center elementor-widget__width-inherit elementor-widget elementor-widget-button\" data-id=\"6608ae6\" data-element_type=\"widget\" data-widget_type=\"button.default\">\n\t\t\t\t\t\t\t\t\t\t<a class=\"elementor-button elementor-button-link elementor-size-sm\" href=\"https:\/\/we.automation-inside.com\/fr\/tendances\/\">\n\t\t\t\t\t\t<span class=\"elementor-button-content-wrapper\">\n\t\t\t\t\t\t\t\t\t<span class=\"elementor-button-text\">D\u00e9couvrir les tendances<\/span>\n\t\t\t\t\t<\/span>\n\t\t\t\t\t<\/a>\n\t\t\t\t\t\t\t\t<\/div>\n\t\t\t\t<\/div>\n\t\t\t\t<\/div>\n\t\t<div class=\"elementor-element elementor-element-8f10cd6 e-con-full e-flex e-con e-child\" data-id=\"8f10cd6\" data-element_type=\"container\">\n\t\t<div class=\"elementor-element elementor-element-f1ca53b e-con-full e-flex e-con e-child\" data-id=\"f1ca53b\" data-element_type=\"container\">\n\t\t\t\t<div class=\"elementor-element elementor-element-aa1aab1 elementor-widget elementor-widget-text-editor\" data-id=\"aa1aab1\" data-element_type=\"widget\" data-widget_type=\"text-editor.default\">\n\t\t\t\t\t\t\t\t\t<h3 data-start=\"1335\" data-end=\"1355\">Les experts disent<\/h3><p>Obtenez un aper\u00e7u, des conseils et des le\u00e7ons apprises directement de professionnels du secteur.<\/p>\t\t\t\t\t\t\t\t<\/div>\n\t\t\t\t<div class=\"elementor-element elementor-element-98cbc19 elementor-align-center elementor-widget elementor-widget-button\" data-id=\"98cbc19\" data-element_type=\"widget\" data-widget_type=\"button.default\">\n\t\t\t\t\t\t\t\t\t\t<a class=\"elementor-button elementor-button-link elementor-size-sm\" href=\"https:\/\/we.automation-inside.com\/fr\/les-experts-disent\/\">\n\t\t\t\t\t\t<span class=\"elementor-button-content-wrapper\">\n\t\t\t\t\t\t\t\t\t<span class=\"elementor-button-text\">Lire maintenant<\/span>\n\t\t\t\t\t<\/span>\n\t\t\t\t\t<\/a>\n\t\t\t\t\t\t\t\t<\/div>\n\t\t\t\t<\/div>\n\t\t\t\t<\/div>\n\t\t<div class=\"elementor-element elementor-element-3091139 e-con-full e-flex e-con e-child\" data-id=\"3091139\" data-element_type=\"container\">\n\t\t<div class=\"elementor-element elementor-element-4cd2073 e-con-full e-flex e-con e-child\" data-id=\"4cd2073\" data-element_type=\"container\">\n\t\t\t\t<div class=\"elementor-element elementor-element-e8b4ec3 elementor-widget elementor-widget-text-editor\" data-id=\"e8b4ec3\" data-element_type=\"widget\" data-widget_type=\"text-editor.default\">\n\t\t\t\t\t\t\t\t\t<h3 data-start=\"2089\" data-end=\"2115\">Pr\u00e9sentation du produit<\/h3><p>D\u00e9couvrez des produits s\u00e9lectionn\u00e9s dans le portefeuille wenglor et faites l&rsquo;exp\u00e9rience des points forts techniques.<\/p>\t\t\t\t\t\t\t\t<\/div>\n\t\t\t\t<div class=\"elementor-element elementor-element-016c46f elementor-align-center elementor-widget elementor-widget-button\" data-id=\"016c46f\" data-element_type=\"widget\" data-widget_type=\"button.default\">\n\t\t\t\t\t\t\t\t\t\t<a class=\"elementor-button elementor-button-link elementor-size-sm\" href=\"https:\/\/we.automation-inside.com\/fr\/presentation-du-produit\/\">\n\t\t\t\t\t\t<span class=\"elementor-button-content-wrapper\">\n\t\t\t\t\t\t\t\t\t<span class=\"elementor-button-text\">En savoir plus<\/span>\n\t\t\t\t\t<\/span>\n\t\t\t\t\t<\/a>\n\t\t\t\t\t\t\t\t<\/div>\n\t\t\t\t<\/div>\n\t\t\t\t<\/div>\n\t\t\t\t<\/div>\n\t\t\t\t<div class=\"elementor-element elementor-element-8d733bd elementor-widget elementor-widget-global elementor-global-7286 elementor-global-22 elementor-widget-spacer\" data-id=\"8d733bd\" data-element_type=\"widget\" data-widget_type=\"spacer.default\">\n\t\t\t\t\t\t\t<div class=\"elementor-spacer\">\n\t\t\t<div class=\"elementor-spacer-inner\"><\/div>\n\t\t<\/div>\n\t\t\t\t\t\t<\/div>\n\t\t\t\t\t<\/div>\n\t\t\t\t<\/div>\n\t\t\t\t<\/div>\n\t\t","protected":false},"excerpt":{"rendered":"<p>Pleins feux sur ! D\u00e9couvrez ce qui fait bouger le secteur. Nous mettons en lumi\u00e8re les tendances actuelles, fournissons des avis d&rsquo;experts pratiques et pr\u00e9sentons des nouveaux produits innovants et des solutions d&rsquo;automatisation \u00e9prouv\u00e9es. Tendances Restez \u00e0 l&rsquo;\u00e9coute de l&rsquo;automatisation et trouvez des id\u00e9es dans les domaines des capteurs, de la vision industrielle et de [&hellip;]<\/p>\n","protected":false},"author":1,"featured_media":0,"parent":0,"menu_order":0,"comment_status":"closed","ping_status":"closed","template":"elementor_header_footer","meta":{"footnotes":""},"class_list":["post-3729","page","type-page","status-publish","hentry"],"_links":{"self":[{"href":"https:\/\/we.automation-inside.com\/fr\/wp-json\/wp\/v2\/pages\/3729","targetHints":{"allow":["GET"]}}],"collection":[{"href":"https:\/\/we.automation-inside.com\/fr\/wp-json\/wp\/v2\/pages"}],"about":[{"href":"https:\/\/we.automation-inside.com\/fr\/wp-json\/wp\/v2\/types\/page"}],"author":[{"embeddable":true,"href":"https:\/\/we.automation-inside.com\/fr\/wp-json\/wp\/v2\/users\/1"}],"replies":[{"embeddable":true,"href":"https:\/\/we.automation-inside.com\/fr\/wp-json\/wp\/v2\/comments?post=3729"}],"version-history":[{"count":6,"href":"https:\/\/we.automation-inside.com\/fr\/wp-json\/wp\/v2\/pages\/3729\/revisions"}],"predecessor-version":[{"id":12976,"href":"https:\/\/we.automation-inside.com\/fr\/wp-json\/wp\/v2\/pages\/3729\/revisions\/12976"}],"wp:attachment":[{"href":"https:\/\/we.automation-inside.com\/fr\/wp-json\/wp\/v2\/media?parent=3729"}],"curies":[{"name":"wp","href":"https:\/\/api.w.org\/{rel}","templated":true}]}}