{"id":3942,"date":"2025-09-30T06:49:35","date_gmt":"2025-09-30T06:49:35","guid":{"rendered":"https:\/\/automation-inside.com\/eksperci-twierdza-ze\/"},"modified":"2025-11-19T14:41:38","modified_gmt":"2025-11-19T14:41:38","slug":"eksperci-twierdza-ze","status":"publish","type":"page","link":"https:\/\/we.automation-inside.com\/pl\/eksperci-twierdza-ze\/","title":{"rendered":"Eksperci twierdz\u0105, \u017ce"},"content":{"rendered":"\t\t<div data-elementor-type=\"wp-page\" data-elementor-id=\"3942\" class=\"elementor elementor-3942 elementor-284\" data-elementor-post-type=\"page\">\n\t\t\t\t<div class=\"elementor-element elementor-element-13fa54d9 e-con-full e-flex e-con e-parent\" data-id=\"13fa54d9\" data-element_type=\"container\" data-settings=\"{&quot;background_background&quot;:&quot;classic&quot;}\">\n\t\t\t\t<div class=\"elementor-element elementor-element-272a59d3 elementor-widget elementor-widget-spacer\" data-id=\"272a59d3\" data-element_type=\"widget\" data-widget_type=\"spacer.default\">\n\t\t\t\t\t\t\t<div class=\"elementor-spacer\">\n\t\t\t<div class=\"elementor-spacer-inner\"><\/div>\n\t\t<\/div>\n\t\t\t\t\t\t<\/div>\n\t\t\t\t<div class=\"elementor-element elementor-element-223d99e7 elementor-widget elementor-widget-spacer\" data-id=\"223d99e7\" data-element_type=\"widget\" data-widget_type=\"spacer.default\">\n\t\t\t\t\t\t\t<div class=\"elementor-spacer\">\n\t\t\t<div class=\"elementor-spacer-inner\"><\/div>\n\t\t<\/div>\n\t\t\t\t\t\t<\/div>\n\t\t\t\t<\/div>\n\t\t<div class=\"elementor-element elementor-element-f50be31 e-flex e-con-boxed e-con e-parent\" data-id=\"f50be31\" data-element_type=\"container\">\n\t\t\t\t\t<div class=\"e-con-inner\">\n\t\t\t\t<div class=\"elementor-element elementor-element-01b9fb5 elementor-widget elementor-widget-global elementor-global-7879 elementor-global-22 elementor-widget-spacer\" data-id=\"01b9fb5\" data-element_type=\"widget\" data-widget_type=\"spacer.default\">\n\t\t\t\t\t\t\t<div class=\"elementor-spacer\">\n\t\t\t<div class=\"elementor-spacer-inner\"><\/div>\n\t\t<\/div>\n\t\t\t\t\t\t<\/div>\n\t\t\t\t\t<\/div>\n\t\t\t\t<\/div>\n\t\t<div class=\"elementor-element elementor-element-bfdd4d9 e-flex e-con-boxed e-con e-parent\" data-id=\"bfdd4d9\" data-element_type=\"container\">\n\t\t\t\t\t<div class=\"e-con-inner\">\n\t\t\t\t<div class=\"elementor-element elementor-element-66080e4 elementor-widget elementor-widget-heading\" data-id=\"66080e4\" data-element_type=\"widget\" data-widget_type=\"heading.default\">\n\t\t\t\t\t<h2 class=\"elementor-heading-title elementor-size-default\">Eksperci twierdz\u0105, \u017ce<\/h2>\t\t\t\t<\/div>\n\t\t\t\t\t<\/div>\n\t\t\t\t<\/div>\n\t\t<div class=\"elementor-element elementor-element-c990a60 e-flex e-con-boxed e-con e-parent\" data-id=\"c990a60\" data-element_type=\"container\">\n\t\t\t\t\t<div class=\"e-con-inner\">\n\t\t\t\t<div class=\"elementor-element elementor-element-5fcfa53 elementor-widget elementor-widget-text-editor\" data-id=\"5fcfa53\" data-element_type=\"widget\" data-widget_type=\"text-editor.default\">\n\t\t\t\t\t\t\t\t\t<p>Zainspiruj si\u0119 i skorzystaj ze spostrze\u017ce\u0144, wskaz\u00f3wek i praktycznej wiedzy &#8211; bezpo\u015brednio od ekspert\u00f3w.<\/p>\t\t\t\t\t\t\t\t<\/div>\n\t\t\t\t<div class=\"elementor-element elementor-element-0fa375b elementor-widget elementor-widget-global elementor-global-7879 elementor-global-22 elementor-widget-spacer\" data-id=\"0fa375b\" data-element_type=\"widget\" data-widget_type=\"spacer.default\">\n\t\t\t\t\t\t\t<div class=\"elementor-spacer\">\n\t\t\t<div class=\"elementor-spacer-inner\"><\/div>\n\t\t<\/div>\n\t\t\t\t\t\t<\/div>\n\t\t\t\t\t<\/div>\n\t\t\t\t<\/div>\n\t\t<div class=\"elementor-element elementor-element-1904391 e-flex e-con-boxed e-con e-parent\" data-id=\"1904391\" data-element_type=\"container\">\n\t\t\t\t\t<div class=\"e-con-inner\">\n\t\t\t\t<div class=\"elementor-element elementor-element-b56dc71 elementor-widget elementor-widget-global elementor-global-7879 elementor-global-22 elementor-widget-spacer\" data-id=\"b56dc71\" data-element_type=\"widget\" data-widget_type=\"spacer.default\">\n\t\t\t\t\t\t\t<div class=\"elementor-spacer\">\n\t\t\t<div class=\"elementor-spacer-inner\"><\/div>\n\t\t<\/div>\n\t\t\t\t\t\t<\/div>\n\t\t\t\t\t<\/div>\n\t\t\t\t<\/div>\n\t\t\t\t<\/div>\n\t\t","protected":false},"excerpt":{"rendered":"<p>Eksperci twierdz\u0105, \u017ce Zainspiruj si\u0119 i skorzystaj ze spostrze\u017ce\u0144, wskaz\u00f3wek i praktycznej wiedzy &#8211; bezpo\u015brednio od ekspert\u00f3w.<\/p>\n","protected":false},"author":1,"featured_media":0,"parent":0,"menu_order":0,"comment_status":"closed","ping_status":"closed","template":"elementor_header_footer","meta":{"footnotes":""},"class_list":["post-3942","page","type-page","status-publish","hentry"],"_links":{"self":[{"href":"https:\/\/we.automation-inside.com\/pl\/wp-json\/wp\/v2\/pages\/3942","targetHints":{"allow":["GET"]}}],"collection":[{"href":"https:\/\/we.automation-inside.com\/pl\/wp-json\/wp\/v2\/pages"}],"about":[{"href":"https:\/\/we.automation-inside.com\/pl\/wp-json\/wp\/v2\/types\/page"}],"author":[{"embeddable":true,"href":"https:\/\/we.automation-inside.com\/pl\/wp-json\/wp\/v2\/users\/1"}],"replies":[{"embeddable":true,"href":"https:\/\/we.automation-inside.com\/pl\/wp-json\/wp\/v2\/comments?post=3942"}],"version-history":[{"count":2,"href":"https:\/\/we.automation-inside.com\/pl\/wp-json\/wp\/v2\/pages\/3942\/revisions"}],"predecessor-version":[{"id":12802,"href":"https:\/\/we.automation-inside.com\/pl\/wp-json\/wp\/v2\/pages\/3942\/revisions\/12802"}],"wp:attachment":[{"href":"https:\/\/we.automation-inside.com\/pl\/wp-json\/wp\/v2\/media?parent=3942"}],"curies":[{"name":"wp","href":"https:\/\/api.w.org\/{rel}","templated":true}]}}